{"id":114,"date":"2021-11-11T11:58:08","date_gmt":"2021-11-11T10:58:08","guid":{"rendered":"https:\/\/www.astoria-andalo.com\/?page_id=114"},"modified":"2022-02-16T11:12:33","modified_gmt":"2022-02-16T10:12:33","slug":"lago-di-molveno-bambini","status":"publish","type":"page","link":"https:\/\/www.astoria-andalo.com\/it\/andalo-estate\/lago-di-molveno-bambini\/","title":{"rendered":"Lago di Molveno"},"content":{"rendered":"\n<p>\u00c8 uno dei laghi pi\u00f9 belli del Trentino: il&nbsp;<strong>Lago di Molveno<\/strong>&nbsp;\u00e8 ideale per i&nbsp;<strong>bambini<\/strong>, ma anche per i grandi. A poca distanza da Andalo si trova questo magnifico lago alpino, che ha sullo sfondo le maestose cime delle&nbsp;<strong>Dolomiti di Brenta<\/strong>&nbsp;e che da anni ottiene le&nbsp;<strong>Cinque Vele di Legambiente<\/strong>, l\u2019ambito riconoscimento che premia per la qualit\u00e0 ambientale, i servizi, la tutela e l&#8217;impegno per la conservazione dei laghi in Italia.<\/p>\n","protected":false},"excerpt":{"rendered":"<p>\u00c8 uno dei laghi pi\u00f9 belli del Trentino: il&nbsp;Lago di Molveno&nbsp;\u00e8 ideale per i&nbsp;bambini, ma anche per i grandi. A poca distanza da Andalo si trova questo magnifico lago alpino, che ha sullo sfondo le maestose cime delle&nbsp;Dolomiti di Brenta&nbsp;e che da anni ottiene le&nbsp;Cinque Vele di Legambiente, l\u2019ambito riconoscimento che premia per la qualit\u00e0 &hellip;<\/p>\n","protected":false},"author":1,"featured_media":0,"parent":105,"menu_order":0,"comment_status":"closed","ping_status":"closed","template":"page-templates\/pagina_standard.php","meta":{"_acf_changed":false,"inline_featured_image":false,"footnotes":""},"class_list":["post-114","page","type-page","status-publish","hentry"],"acf":[],"yoast_head":"<!-- This site is optimized with the Yoast SEO plugin v27.6 - https:\/\/yoast.com\/product\/yoast-seo-wordpress\/ -->\n<title>Hotel vicino al Lago di Molveno: l&#039;estate in montagna per bambini<\/title>\n<meta name=\"description\" content=\"Ci troviamo ad Andalo, a pochi km dal Lago di Molveno. Scopri il lido e la spiaggia attrezzata per i bambini.\" \/>\n<meta name=\"robots\" content=\"index, follow, max-snippet:-1, max-image-preview:large, max-video-preview:-1\" \/>\n<link rel=\"canonical\" href=\"https:\/\/www.astoria-andalo.com\/it\/andalo-estate\/lago-di-molveno-bambini\/\" \/>\n<meta property=\"og:locale\" content=\"it_IT\" \/>\n<meta property=\"og:type\" content=\"article\" \/>\n<meta property=\"og:title\" content=\"Hotel vicino al Lago di Molveno: l&#039;estate in montagna per bambini\" \/>\n<meta property=\"og:description\" content=\"Ci troviamo ad Andalo, a pochi km dal Lago di Molveno. Scopri il lido e la spiaggia attrezzata per i bambini.\" \/>\n<meta property=\"og:url\" content=\"https:\/\/www.astoria-andalo.com\/it\/andalo-estate\/lago-di-molveno-bambini\/\" \/>\n<meta property=\"og:site_name\" content=\"Hotel Astoria\" \/>\n<meta property=\"article:modified_time\" content=\"2022-02-16T10:12:33+00:00\" \/>\n<meta name=\"twitter:card\" content=\"summary_large_image\" \/>\n<meta name=\"twitter:label1\" content=\"Tempo di lettura stimato\" \/>\n\t<meta name=\"twitter:data1\" content=\"1 minuto\" \/>\n<script type=\"application\/ld+json\" class=\"yoast-schema-graph\">{\"@context\":\"https:\\\/\\\/schema.org\",\"@graph\":[{\"@type\":\"WebPage\",\"@id\":\"https:\\\/\\\/www.astoria-andalo.com\\\/it\\\/andalo-estate\\\/lago-di-molveno-bambini\\\/\",\"url\":\"https:\\\/\\\/www.astoria-andalo.com\\\/it\\\/andalo-estate\\\/lago-di-molveno-bambini\\\/\",\"name\":\"Hotel vicino al Lago di Molveno: l'estate in montagna per bambini\",\"isPartOf\":{\"@id\":\"https:\\\/\\\/www.astoria-andalo.com\\\/it\\\/#website\"},\"datePublished\":\"2021-11-11T10:58:08+00:00\",\"dateModified\":\"2022-02-16T10:12:33+00:00\",\"description\":\"Ci troviamo ad Andalo, a pochi km dal Lago di Molveno. Scopri il lido e la spiaggia attrezzata per i bambini.\",\"breadcrumb\":{\"@id\":\"https:\\\/\\\/www.astoria-andalo.com\\\/it\\\/andalo-estate\\\/lago-di-molveno-bambini\\\/#breadcrumb\"},\"inLanguage\":\"it-IT\",\"potentialAction\":[{\"@type\":\"ReadAction\",\"target\":[\"https:\\\/\\\/www.astoria-andalo.com\\\/it\\\/andalo-estate\\\/lago-di-molveno-bambini\\\/\"]}]},{\"@type\":\"BreadcrumbList\",\"@id\":\"https:\\\/\\\/www.astoria-andalo.com\\\/it\\\/andalo-estate\\\/lago-di-molveno-bambini\\\/#breadcrumb\",\"itemListElement\":[{\"@type\":\"ListItem\",\"position\":1,\"name\":\"Home\",\"item\":\"https:\\\/\\\/www.astoria-andalo.com\\\/it\\\/\"},{\"@type\":\"ListItem\",\"position\":2,\"name\":\"Panoramica estate\",\"item\":\"https:\\\/\\\/www.astoria-andalo.com\\\/it\\\/andalo-estate\\\/\"},{\"@type\":\"ListItem\",\"position\":3,\"name\":\"Lago di Molveno\"}]},{\"@type\":\"WebSite\",\"@id\":\"https:\\\/\\\/www.astoria-andalo.com\\\/it\\\/#website\",\"url\":\"https:\\\/\\\/www.astoria-andalo.com\\\/it\\\/\",\"name\":\"Hotel Astoria\",\"description\":\"\",\"publisher\":{\"@id\":\"https:\\\/\\\/www.astoria-andalo.com\\\/it\\\/#organization\"},\"potentialAction\":[{\"@type\":\"SearchAction\",\"target\":{\"@type\":\"EntryPoint\",\"urlTemplate\":\"https:\\\/\\\/www.astoria-andalo.com\\\/it\\\/?s={search_term_string}\"},\"query-input\":{\"@type\":\"PropertyValueSpecification\",\"valueRequired\":true,\"valueName\":\"search_term_string\"}}],\"inLanguage\":\"it-IT\"},{\"@type\":\"Organization\",\"@id\":\"https:\\\/\\\/www.astoria-andalo.com\\\/it\\\/#organization\",\"name\":\"Hotel Astoria\",\"url\":\"https:\\\/\\\/www.astoria-andalo.com\\\/it\\\/\",\"logo\":{\"@type\":\"ImageObject\",\"inLanguage\":\"it-IT\",\"@id\":\"https:\\\/\\\/www.astoria-andalo.com\\\/it\\\/#\\\/schema\\\/logo\\\/image\\\/\",\"url\":\"https:\\\/\\\/www.astoria-andalo.com\\\/wp-content\\\/uploads\\\/2022\\\/02\\\/logo.svg\",\"contentUrl\":\"https:\\\/\\\/www.astoria-andalo.com\\\/wp-content\\\/uploads\\\/2022\\\/02\\\/logo.svg\",\"width\":380,\"height\":173,\"caption\":\"Hotel Astoria\"},\"image\":{\"@id\":\"https:\\\/\\\/www.astoria-andalo.com\\\/it\\\/#\\\/schema\\\/logo\\\/image\\\/\"}}]}<\/script>\n<!-- \/ Yoast SEO plugin. -->","yoast_head_json":{"title":"Hotel vicino al Lago di Molveno: l'estate in montagna per bambini","description":"Ci troviamo ad Andalo, a pochi km dal Lago di Molveno. Scopri il lido e la spiaggia attrezzata per i bambini.","robots":{"index":"index","follow":"follow","max-snippet":"max-snippet:-1","max-image-preview":"max-image-preview:large","max-video-preview":"max-video-preview:-1"},"canonical":"https:\/\/www.astoria-andalo.com\/it\/andalo-estate\/lago-di-molveno-bambini\/","og_locale":"it_IT","og_type":"article","og_title":"Hotel vicino al Lago di Molveno: l'estate in montagna per bambini","og_description":"Ci troviamo ad Andalo, a pochi km dal Lago di Molveno. Scopri il lido e la spiaggia attrezzata per i bambini.","og_url":"https:\/\/www.astoria-andalo.com\/it\/andalo-estate\/lago-di-molveno-bambini\/","og_site_name":"Hotel Astoria","article_modified_time":"2022-02-16T10:12:33+00:00","twitter_card":"summary_large_image","twitter_misc":{"Tempo di lettura stimato":"1 minuto"},"schema":{"@context":"https:\/\/schema.org","@graph":[{"@type":"WebPage","@id":"https:\/\/www.astoria-andalo.com\/it\/andalo-estate\/lago-di-molveno-bambini\/","url":"https:\/\/www.astoria-andalo.com\/it\/andalo-estate\/lago-di-molveno-bambini\/","name":"Hotel vicino al Lago di Molveno: l'estate in montagna per bambini","isPartOf":{"@id":"https:\/\/www.astoria-andalo.com\/it\/#website"},"datePublished":"2021-11-11T10:58:08+00:00","dateModified":"2022-02-16T10:12:33+00:00","description":"Ci troviamo ad Andalo, a pochi km dal Lago di Molveno. Scopri il lido e la spiaggia attrezzata per i bambini.","breadcrumb":{"@id":"https:\/\/www.astoria-andalo.com\/it\/andalo-estate\/lago-di-molveno-bambini\/#breadcrumb"},"inLanguage":"it-IT","potentialAction":[{"@type":"ReadAction","target":["https:\/\/www.astoria-andalo.com\/it\/andalo-estate\/lago-di-molveno-bambini\/"]}]},{"@type":"BreadcrumbList","@id":"https:\/\/www.astoria-andalo.com\/it\/andalo-estate\/lago-di-molveno-bambini\/#breadcrumb","itemListElement":[{"@type":"ListItem","position":1,"name":"Home","item":"https:\/\/www.astoria-andalo.com\/it\/"},{"@type":"ListItem","position":2,"name":"Panoramica estate","item":"https:\/\/www.astoria-andalo.com\/it\/andalo-estate\/"},{"@type":"ListItem","position":3,"name":"Lago di Molveno"}]},{"@type":"WebSite","@id":"https:\/\/www.astoria-andalo.com\/it\/#website","url":"https:\/\/www.astoria-andalo.com\/it\/","name":"Hotel Astoria","description":"","publisher":{"@id":"https:\/\/www.astoria-andalo.com\/it\/#organization"},"potentialAction":[{"@type":"SearchAction","target":{"@type":"EntryPoint","urlTemplate":"https:\/\/www.astoria-andalo.com\/it\/?s={search_term_string}"},"query-input":{"@type":"PropertyValueSpecification","valueRequired":true,"valueName":"search_term_string"}}],"inLanguage":"it-IT"},{"@type":"Organization","@id":"https:\/\/www.astoria-andalo.com\/it\/#organization","name":"Hotel Astoria","url":"https:\/\/www.astoria-andalo.com\/it\/","logo":{"@type":"ImageObject","inLanguage":"it-IT","@id":"https:\/\/www.astoria-andalo.com\/it\/#\/schema\/logo\/image\/","url":"https:\/\/www.astoria-andalo.com\/wp-content\/uploads\/2022\/02\/logo.svg","contentUrl":"https:\/\/www.astoria-andalo.com\/wp-content\/uploads\/2022\/02\/logo.svg","width":380,"height":173,"caption":"Hotel Astoria"},"image":{"@id":"https:\/\/www.astoria-andalo.com\/it\/#\/schema\/logo\/image\/"}}]}},"_links":{"self":[{"href":"https:\/\/www.astoria-andalo.com\/it\/wp-json\/wp\/v2\/pages\/114","targetHints":{"allow":["GET"]}}],"collection":[{"href":"https:\/\/www.astoria-andalo.com\/it\/wp-json\/wp\/v2\/pages"}],"about":[{"href":"https:\/\/www.astoria-andalo.com\/it\/wp-json\/wp\/v2\/types\/page"}],"author":[{"embeddable":true,"href":"https:\/\/www.astoria-andalo.com\/it\/wp-json\/wp\/v2\/users\/1"}],"replies":[{"embeddable":true,"href":"https:\/\/www.astoria-andalo.com\/it\/wp-json\/wp\/v2\/comments?post=114"}],"version-history":[{"count":8,"href":"https:\/\/www.astoria-andalo.com\/it\/wp-json\/wp\/v2\/pages\/114\/revisions"}],"predecessor-version":[{"id":1334,"href":"https:\/\/www.astoria-andalo.com\/it\/wp-json\/wp\/v2\/pages\/114\/revisions\/1334"}],"up":[{"embeddable":true,"href":"https:\/\/www.astoria-andalo.com\/it\/wp-json\/wp\/v2\/pages\/105"}],"wp:attachment":[{"href":"https:\/\/www.astoria-andalo.com\/it\/wp-json\/wp\/v2\/media?parent=114"}],"curies":[{"name":"wp","href":"https:\/\/api.w.org\/{rel}","templated":true}]}}