{"id":1567,"date":"2022-02-17T09:21:34","date_gmt":"2022-02-17T08:21:34","guid":{"rendered":"https:\/\/www.astoria-andalo.com\/?page_id=1567"},"modified":"2022-02-17T12:53:52","modified_gmt":"2022-02-17T11:53:52","slug":"andalo-for-family","status":"publish","type":"page","link":"https:\/\/www.astoria-andalo.com\/it\/family-hotel-trentino\/andalo-for-family\/","title":{"rendered":"Andalo for family"},"content":{"rendered":"\n<p><strong>Andalo for Family<\/strong> \u00e8 sinonimo di qualit\u00e0: \u00e8 il club di prodotto che raccoglie tutti gli <strong>hotel per famiglie<\/strong> ad Andalo, in <strong>Trentino<\/strong>, che offrono servizi a misura di bambino e della sua famiglia. Ogni giorno, per tutto l&#8217;anno, ci sono ad aspettarvi tante attivit\u00e0 diverse, servizi utili, spazi dedicati al gioco e allo sport; e poi laboratori didattici, visite guidate, animazione, manifestazioni ed eventi.<br><br>L\u2019<strong>hotel<\/strong> Astoria \u00e8 ideale <strong>per famiglie<\/strong> in <strong>Trentino<\/strong> perch\u00e9 Andalo \u00e8 un piccolo grande paradiso per vivere la montagna con bambini, una localit\u00e0 interamente dedicata al relax e al divertimento.<br>Soggiornando nel nostro albergo, ci pensa <strong>Andalo for Family<\/strong> &nbsp;a proporre un programma divertente per tutti, sia in estate che in inverno. Voi non dovrete organizzare nulla, solo godervi la vacanza.<br><br>Ovunque andiate, il campo da gioco sar\u00e0 la natura del Parco Adamello Brenta e la cornice delle vostre vacanze saranno le spettacolari Dolomiti. <\/p>\n\n\n\n<p><a href=\"https:\/\/www.astoria-andalo.com\/it\/preventivo\/\">Richiesta informazioni<\/a><\/p>\n","protected":false},"excerpt":{"rendered":"<p>Andalo for Family \u00e8 sinonimo di qualit\u00e0: \u00e8 il club di prodotto che raccoglie tutti gli hotel per famiglie ad Andalo, in Trentino, che offrono servizi a misura di bambino e della sua famiglia. Ogni giorno, per tutto l&#8217;anno, ci sono ad aspettarvi tante attivit\u00e0 diverse, servizi utili, spazi dedicati al gioco e allo sport; &hellip;<\/p>\n","protected":false},"author":1,"featured_media":0,"parent":55,"menu_order":0,"comment_status":"closed","ping_status":"closed","template":"","meta":{"_acf_changed":false,"inline_featured_image":false,"footnotes":""},"class_list":["post-1567","page","type-page","status-publish","hentry"],"acf":[],"yoast_head":"<!-- This site is optimized with the Yoast SEO plugin v27.0 - https:\/\/yoast.com\/product\/yoast-seo-wordpress\/ -->\n<title>Andalo For Family: vacanze per famiglie in Trentino<\/title>\n<meta name=\"description\" content=\"Vacanze per famiglie in Trentino? Scegli un hotel Andalo For Family con attivit\u00e0 e servizi inclusi a misura di famiglia.\" \/>\n<meta name=\"robots\" content=\"index, follow, max-snippet:-1, max-image-preview:large, max-video-preview:-1\" \/>\n<link rel=\"canonical\" href=\"https:\/\/www.astoria-andalo.com\/it\/family-hotel-trentino\/andalo-for-family\/\" \/>\n<meta property=\"og:locale\" content=\"it_IT\" \/>\n<meta property=\"og:type\" content=\"article\" \/>\n<meta property=\"og:title\" content=\"Andalo For Family: vacanze per famiglie in Trentino\" \/>\n<meta property=\"og:description\" content=\"Vacanze per famiglie in Trentino? Scegli un hotel Andalo For Family con attivit\u00e0 e servizi inclusi a misura di famiglia.\" \/>\n<meta property=\"og:url\" content=\"https:\/\/www.astoria-andalo.com\/it\/family-hotel-trentino\/andalo-for-family\/\" \/>\n<meta property=\"og:site_name\" content=\"Hotel Astoria\" \/>\n<meta property=\"article:modified_time\" content=\"2022-02-17T11:53:52+00:00\" \/>\n<meta name=\"twitter:card\" content=\"summary_large_image\" \/>\n<meta name=\"twitter:label1\" content=\"Tempo di lettura stimato\" \/>\n\t<meta name=\"twitter:data1\" content=\"1 minuto\" \/>\n<script type=\"application\/ld+json\" class=\"yoast-schema-graph\">{\"@context\":\"https:\/\/schema.org\",\"@graph\":[{\"@type\":\"WebPage\",\"@id\":\"https:\/\/www.astoria-andalo.com\/it\/family-hotel-trentino\/andalo-for-family\/\",\"url\":\"https:\/\/www.astoria-andalo.com\/it\/family-hotel-trentino\/andalo-for-family\/\",\"name\":\"Andalo For Family: vacanze per famiglie in Trentino\",\"isPartOf\":{\"@id\":\"https:\/\/www.astoria-andalo.com\/it\/#website\"},\"datePublished\":\"2022-02-17T08:21:34+00:00\",\"dateModified\":\"2022-02-17T11:53:52+00:00\",\"description\":\"Vacanze per famiglie in Trentino? Scegli un hotel Andalo For Family con attivit\u00e0 e servizi inclusi a misura di famiglia.\",\"breadcrumb\":{\"@id\":\"https:\/\/www.astoria-andalo.com\/it\/family-hotel-trentino\/andalo-for-family\/#breadcrumb\"},\"inLanguage\":\"it-IT\",\"potentialAction\":[{\"@type\":\"ReadAction\",\"target\":[\"https:\/\/www.astoria-andalo.com\/it\/family-hotel-trentino\/andalo-for-family\/\"]}]},{\"@type\":\"BreadcrumbList\",\"@id\":\"https:\/\/www.astoria-andalo.com\/it\/family-hotel-trentino\/andalo-for-family\/#breadcrumb\",\"itemListElement\":[{\"@type\":\"ListItem\",\"position\":1,\"name\":\"Home\",\"item\":\"https:\/\/www.astoria-andalo.com\/it\/\"},{\"@type\":\"ListItem\",\"position\":2,\"name\":\"Panoramica family\",\"item\":\"https:\/\/www.astoria-andalo.com\/it\/family-hotel-trentino\/\"},{\"@type\":\"ListItem\",\"position\":3,\"name\":\"Andalo for family\"}]},{\"@type\":\"WebSite\",\"@id\":\"https:\/\/www.astoria-andalo.com\/it\/#website\",\"url\":\"https:\/\/www.astoria-andalo.com\/it\/\",\"name\":\"Hotel Astoria\",\"description\":\"\",\"publisher\":{\"@id\":\"https:\/\/www.astoria-andalo.com\/it\/#organization\"},\"potentialAction\":[{\"@type\":\"SearchAction\",\"target\":{\"@type\":\"EntryPoint\",\"urlTemplate\":\"https:\/\/www.astoria-andalo.com\/it\/?s={search_term_string}\"},\"query-input\":{\"@type\":\"PropertyValueSpecification\",\"valueRequired\":true,\"valueName\":\"search_term_string\"}}],\"inLanguage\":\"it-IT\"},{\"@type\":\"Organization\",\"@id\":\"https:\/\/www.astoria-andalo.com\/it\/#organization\",\"name\":\"Hotel Astoria\",\"url\":\"https:\/\/www.astoria-andalo.com\/it\/\",\"logo\":{\"@type\":\"ImageObject\",\"inLanguage\":\"it-IT\",\"@id\":\"https:\/\/www.astoria-andalo.com\/it\/#\/schema\/logo\/image\/\",\"url\":\"https:\/\/www.astoria-andalo.com\/wp-content\/uploads\/2022\/02\/logo.svg\",\"contentUrl\":\"https:\/\/www.astoria-andalo.com\/wp-content\/uploads\/2022\/02\/logo.svg\",\"width\":380,\"height\":173,\"caption\":\"Hotel Astoria\"},\"image\":{\"@id\":\"https:\/\/www.astoria-andalo.com\/it\/#\/schema\/logo\/image\/\"}}]}<\/script>\n<!-- \/ Yoast SEO plugin. -->","yoast_head_json":{"title":"Andalo For Family: vacanze per famiglie in Trentino","description":"Vacanze per famiglie in Trentino? Scegli un hotel Andalo For Family con attivit\u00e0 e servizi inclusi a misura di famiglia.","robots":{"index":"index","follow":"follow","max-snippet":"max-snippet:-1","max-image-preview":"max-image-preview:large","max-video-preview":"max-video-preview:-1"},"canonical":"https:\/\/www.astoria-andalo.com\/it\/family-hotel-trentino\/andalo-for-family\/","og_locale":"it_IT","og_type":"article","og_title":"Andalo For Family: vacanze per famiglie in Trentino","og_description":"Vacanze per famiglie in Trentino? Scegli un hotel Andalo For Family con attivit\u00e0 e servizi inclusi a misura di famiglia.","og_url":"https:\/\/www.astoria-andalo.com\/it\/family-hotel-trentino\/andalo-for-family\/","og_site_name":"Hotel Astoria","article_modified_time":"2022-02-17T11:53:52+00:00","twitter_card":"summary_large_image","twitter_misc":{"Tempo di lettura stimato":"1 minuto"},"schema":{"@context":"https:\/\/schema.org","@graph":[{"@type":"WebPage","@id":"https:\/\/www.astoria-andalo.com\/it\/family-hotel-trentino\/andalo-for-family\/","url":"https:\/\/www.astoria-andalo.com\/it\/family-hotel-trentino\/andalo-for-family\/","name":"Andalo For Family: vacanze per famiglie in Trentino","isPartOf":{"@id":"https:\/\/www.astoria-andalo.com\/it\/#website"},"datePublished":"2022-02-17T08:21:34+00:00","dateModified":"2022-02-17T11:53:52+00:00","description":"Vacanze per famiglie in Trentino? Scegli un hotel Andalo For Family con attivit\u00e0 e servizi inclusi a misura di famiglia.","breadcrumb":{"@id":"https:\/\/www.astoria-andalo.com\/it\/family-hotel-trentino\/andalo-for-family\/#breadcrumb"},"inLanguage":"it-IT","potentialAction":[{"@type":"ReadAction","target":["https:\/\/www.astoria-andalo.com\/it\/family-hotel-trentino\/andalo-for-family\/"]}]},{"@type":"BreadcrumbList","@id":"https:\/\/www.astoria-andalo.com\/it\/family-hotel-trentino\/andalo-for-family\/#breadcrumb","itemListElement":[{"@type":"ListItem","position":1,"name":"Home","item":"https:\/\/www.astoria-andalo.com\/it\/"},{"@type":"ListItem","position":2,"name":"Panoramica family","item":"https:\/\/www.astoria-andalo.com\/it\/family-hotel-trentino\/"},{"@type":"ListItem","position":3,"name":"Andalo for family"}]},{"@type":"WebSite","@id":"https:\/\/www.astoria-andalo.com\/it\/#website","url":"https:\/\/www.astoria-andalo.com\/it\/","name":"Hotel Astoria","description":"","publisher":{"@id":"https:\/\/www.astoria-andalo.com\/it\/#organization"},"potentialAction":[{"@type":"SearchAction","target":{"@type":"EntryPoint","urlTemplate":"https:\/\/www.astoria-andalo.com\/it\/?s={search_term_string}"},"query-input":{"@type":"PropertyValueSpecification","valueRequired":true,"valueName":"search_term_string"}}],"inLanguage":"it-IT"},{"@type":"Organization","@id":"https:\/\/www.astoria-andalo.com\/it\/#organization","name":"Hotel Astoria","url":"https:\/\/www.astoria-andalo.com\/it\/","logo":{"@type":"ImageObject","inLanguage":"it-IT","@id":"https:\/\/www.astoria-andalo.com\/it\/#\/schema\/logo\/image\/","url":"https:\/\/www.astoria-andalo.com\/wp-content\/uploads\/2022\/02\/logo.svg","contentUrl":"https:\/\/www.astoria-andalo.com\/wp-content\/uploads\/2022\/02\/logo.svg","width":380,"height":173,"caption":"Hotel Astoria"},"image":{"@id":"https:\/\/www.astoria-andalo.com\/it\/#\/schema\/logo\/image\/"}}]}},"_links":{"self":[{"href":"https:\/\/www.astoria-andalo.com\/it\/wp-json\/wp\/v2\/pages\/1567","targetHints":{"allow":["GET"]}}],"collection":[{"href":"https:\/\/www.astoria-andalo.com\/it\/wp-json\/wp\/v2\/pages"}],"about":[{"href":"https:\/\/www.astoria-andalo.com\/it\/wp-json\/wp\/v2\/types\/page"}],"author":[{"embeddable":true,"href":"https:\/\/www.astoria-andalo.com\/it\/wp-json\/wp\/v2\/users\/1"}],"replies":[{"embeddable":true,"href":"https:\/\/www.astoria-andalo.com\/it\/wp-json\/wp\/v2\/comments?post=1567"}],"version-history":[{"count":7,"href":"https:\/\/www.astoria-andalo.com\/it\/wp-json\/wp\/v2\/pages\/1567\/revisions"}],"predecessor-version":[{"id":1598,"href":"https:\/\/www.astoria-andalo.com\/it\/wp-json\/wp\/v2\/pages\/1567\/revisions\/1598"}],"up":[{"embeddable":true,"href":"https:\/\/www.astoria-andalo.com\/it\/wp-json\/wp\/v2\/pages\/55"}],"wp:attachment":[{"href":"https:\/\/www.astoria-andalo.com\/it\/wp-json\/wp\/v2\/media?parent=1567"}],"curies":[{"name":"wp","href":"https:\/\/api.w.org\/{rel}","templated":true}]}}