{"id":2952,"date":"2025-11-13T16:04:42","date_gmt":"2025-11-13T15:04:42","guid":{"rendered":"https:\/\/www.astoria-andalo.com\/?page_id=2952"},"modified":"2025-11-17T12:28:45","modified_gmt":"2025-11-17T11:28:45","slug":"faq","status":"publish","type":"page","link":"https:\/\/www.astoria-andalo.com\/it\/faq\/","title":{"rendered":"FAQ"},"content":{"rendered":"\n<p>Quando si tratta di <strong>vacanze con i bambini<\/strong>, le domande non sono mai troppe! Ecco perch\u00e9 all\u2019<strong>Astoria Comfort Hotel di Andalo,<\/strong> amiamo rispondere ai dubbi e alle piccole (o grandi) curiosit\u00e0 dei genitori. Condividiamo quelle che le mamme e i pap\u00e0 come voi ci rivolgono pi\u00f9 di frequente, ma se ne avete altre scriveteci o telefonateci.<\/p>\n\n\n\n<p><\/p>\n","protected":false},"excerpt":{"rendered":"<p>Quando si tratta di vacanze con i bambini, le domande non sono mai troppe! Ecco perch\u00e9 all\u2019Astoria Comfort Hotel di Andalo, amiamo rispondere ai dubbi e alle piccole (o grandi) curiosit\u00e0 dei genitori. Condividiamo quelle che le mamme e i pap\u00e0 come voi ci rivolgono pi\u00f9 di frequente, ma se ne avete altre scriveteci o &hellip;<\/p>\n","protected":false},"author":1,"featured_media":0,"parent":0,"menu_order":0,"comment_status":"closed","ping_status":"closed","template":"page-templates\/faq.php","meta":{"_acf_changed":false,"inline_featured_image":false,"footnotes":""},"class_list":["post-2952","page","type-page","status-publish","hentry"],"acf":[],"yoast_head":"<!-- This site is optimized with the Yoast SEO plugin v27.0 - https:\/\/yoast.com\/product\/yoast-seo-wordpress\/ -->\n<title>FAQ e Informazioni Utili - Hotel Astoria<\/title>\n<meta name=\"description\" content=\"Tutte le informazioni utili per il tuo soggiorno all&#039;Hotel Astoria, il family hotel ad Andalo con i migliori servizi per famiglie e bambini.\" \/>\n<meta name=\"robots\" content=\"index, follow, max-snippet:-1, max-image-preview:large, max-video-preview:-1\" \/>\n<link rel=\"canonical\" href=\"https:\/\/www.astoria-andalo.com\/it\/faq\/\" \/>\n<meta property=\"og:locale\" content=\"it_IT\" \/>\n<meta property=\"og:type\" content=\"article\" \/>\n<meta property=\"og:title\" content=\"FAQ e Informazioni Utili - Hotel Astoria\" \/>\n<meta property=\"og:description\" content=\"Tutte le informazioni utili per il tuo soggiorno all&#039;Hotel Astoria, il family hotel ad Andalo con i migliori servizi per famiglie e bambini.\" \/>\n<meta property=\"og:url\" content=\"https:\/\/www.astoria-andalo.com\/it\/faq\/\" \/>\n<meta property=\"og:site_name\" content=\"Hotel Astoria\" \/>\n<meta property=\"article:modified_time\" content=\"2025-11-17T11:28:45+00:00\" \/>\n<meta name=\"twitter:card\" content=\"summary_large_image\" \/>\n<script type=\"application\/ld+json\" class=\"yoast-schema-graph\">{\"@context\":\"https:\/\/schema.org\",\"@graph\":[{\"@type\":\"WebPage\",\"@id\":\"https:\/\/www.astoria-andalo.com\/it\/faq\/\",\"url\":\"https:\/\/www.astoria-andalo.com\/it\/faq\/\",\"name\":\"FAQ e Informazioni Utili - Hotel Astoria\",\"isPartOf\":{\"@id\":\"https:\/\/www.astoria-andalo.com\/it\/#website\"},\"datePublished\":\"2025-11-13T15:04:42+00:00\",\"dateModified\":\"2025-11-17T11:28:45+00:00\",\"description\":\"Tutte le informazioni utili per il tuo soggiorno all'Hotel Astoria, il family hotel ad Andalo con i migliori servizi per famiglie e bambini.\",\"breadcrumb\":{\"@id\":\"https:\/\/www.astoria-andalo.com\/it\/faq\/#breadcrumb\"},\"inLanguage\":\"it-IT\",\"potentialAction\":[{\"@type\":\"ReadAction\",\"target\":[\"https:\/\/www.astoria-andalo.com\/it\/faq\/\"]}]},{\"@type\":\"BreadcrumbList\",\"@id\":\"https:\/\/www.astoria-andalo.com\/it\/faq\/#breadcrumb\",\"itemListElement\":[{\"@type\":\"ListItem\",\"position\":1,\"name\":\"Home\",\"item\":\"https:\/\/www.astoria-andalo.com\/it\/\"},{\"@type\":\"ListItem\",\"position\":2,\"name\":\"FAQ\"}]},{\"@type\":\"WebSite\",\"@id\":\"https:\/\/www.astoria-andalo.com\/it\/#website\",\"url\":\"https:\/\/www.astoria-andalo.com\/it\/\",\"name\":\"Hotel Astoria\",\"description\":\"\",\"publisher\":{\"@id\":\"https:\/\/www.astoria-andalo.com\/it\/#organization\"},\"potentialAction\":[{\"@type\":\"SearchAction\",\"target\":{\"@type\":\"EntryPoint\",\"urlTemplate\":\"https:\/\/www.astoria-andalo.com\/it\/?s={search_term_string}\"},\"query-input\":{\"@type\":\"PropertyValueSpecification\",\"valueRequired\":true,\"valueName\":\"search_term_string\"}}],\"inLanguage\":\"it-IT\"},{\"@type\":\"Organization\",\"@id\":\"https:\/\/www.astoria-andalo.com\/it\/#organization\",\"name\":\"Hotel Astoria\",\"url\":\"https:\/\/www.astoria-andalo.com\/it\/\",\"logo\":{\"@type\":\"ImageObject\",\"inLanguage\":\"it-IT\",\"@id\":\"https:\/\/www.astoria-andalo.com\/it\/#\/schema\/logo\/image\/\",\"url\":\"https:\/\/www.astoria-andalo.com\/wp-content\/uploads\/2022\/02\/logo.svg\",\"contentUrl\":\"https:\/\/www.astoria-andalo.com\/wp-content\/uploads\/2022\/02\/logo.svg\",\"width\":380,\"height\":173,\"caption\":\"Hotel Astoria\"},\"image\":{\"@id\":\"https:\/\/www.astoria-andalo.com\/it\/#\/schema\/logo\/image\/\"}}]}<\/script>\n<!-- \/ Yoast SEO plugin. -->","yoast_head_json":{"title":"FAQ e Informazioni Utili - Hotel Astoria","description":"Tutte le informazioni utili per il tuo soggiorno all'Hotel Astoria, il family hotel ad Andalo con i migliori servizi per famiglie e bambini.","robots":{"index":"index","follow":"follow","max-snippet":"max-snippet:-1","max-image-preview":"max-image-preview:large","max-video-preview":"max-video-preview:-1"},"canonical":"https:\/\/www.astoria-andalo.com\/it\/faq\/","og_locale":"it_IT","og_type":"article","og_title":"FAQ e Informazioni Utili - Hotel Astoria","og_description":"Tutte le informazioni utili per il tuo soggiorno all'Hotel Astoria, il family hotel ad Andalo con i migliori servizi per famiglie e bambini.","og_url":"https:\/\/www.astoria-andalo.com\/it\/faq\/","og_site_name":"Hotel Astoria","article_modified_time":"2025-11-17T11:28:45+00:00","twitter_card":"summary_large_image","schema":{"@context":"https:\/\/schema.org","@graph":[{"@type":"WebPage","@id":"https:\/\/www.astoria-andalo.com\/it\/faq\/","url":"https:\/\/www.astoria-andalo.com\/it\/faq\/","name":"FAQ e Informazioni Utili - Hotel Astoria","isPartOf":{"@id":"https:\/\/www.astoria-andalo.com\/it\/#website"},"datePublished":"2025-11-13T15:04:42+00:00","dateModified":"2025-11-17T11:28:45+00:00","description":"Tutte le informazioni utili per il tuo soggiorno all'Hotel Astoria, il family hotel ad Andalo con i migliori servizi per famiglie e bambini.","breadcrumb":{"@id":"https:\/\/www.astoria-andalo.com\/it\/faq\/#breadcrumb"},"inLanguage":"it-IT","potentialAction":[{"@type":"ReadAction","target":["https:\/\/www.astoria-andalo.com\/it\/faq\/"]}]},{"@type":"BreadcrumbList","@id":"https:\/\/www.astoria-andalo.com\/it\/faq\/#breadcrumb","itemListElement":[{"@type":"ListItem","position":1,"name":"Home","item":"https:\/\/www.astoria-andalo.com\/it\/"},{"@type":"ListItem","position":2,"name":"FAQ"}]},{"@type":"WebSite","@id":"https:\/\/www.astoria-andalo.com\/it\/#website","url":"https:\/\/www.astoria-andalo.com\/it\/","name":"Hotel Astoria","description":"","publisher":{"@id":"https:\/\/www.astoria-andalo.com\/it\/#organization"},"potentialAction":[{"@type":"SearchAction","target":{"@type":"EntryPoint","urlTemplate":"https:\/\/www.astoria-andalo.com\/it\/?s={search_term_string}"},"query-input":{"@type":"PropertyValueSpecification","valueRequired":true,"valueName":"search_term_string"}}],"inLanguage":"it-IT"},{"@type":"Organization","@id":"https:\/\/www.astoria-andalo.com\/it\/#organization","name":"Hotel Astoria","url":"https:\/\/www.astoria-andalo.com\/it\/","logo":{"@type":"ImageObject","inLanguage":"it-IT","@id":"https:\/\/www.astoria-andalo.com\/it\/#\/schema\/logo\/image\/","url":"https:\/\/www.astoria-andalo.com\/wp-content\/uploads\/2022\/02\/logo.svg","contentUrl":"https:\/\/www.astoria-andalo.com\/wp-content\/uploads\/2022\/02\/logo.svg","width":380,"height":173,"caption":"Hotel Astoria"},"image":{"@id":"https:\/\/www.astoria-andalo.com\/it\/#\/schema\/logo\/image\/"}}]}},"_links":{"self":[{"href":"https:\/\/www.astoria-andalo.com\/it\/wp-json\/wp\/v2\/pages\/2952","targetHints":{"allow":["GET"]}}],"collection":[{"href":"https:\/\/www.astoria-andalo.com\/it\/wp-json\/wp\/v2\/pages"}],"about":[{"href":"https:\/\/www.astoria-andalo.com\/it\/wp-json\/wp\/v2\/types\/page"}],"author":[{"embeddable":true,"href":"https:\/\/www.astoria-andalo.com\/it\/wp-json\/wp\/v2\/users\/1"}],"replies":[{"embeddable":true,"href":"https:\/\/www.astoria-andalo.com\/it\/wp-json\/wp\/v2\/comments?post=2952"}],"version-history":[{"count":11,"href":"https:\/\/www.astoria-andalo.com\/it\/wp-json\/wp\/v2\/pages\/2952\/revisions"}],"predecessor-version":[{"id":2976,"href":"https:\/\/www.astoria-andalo.com\/it\/wp-json\/wp\/v2\/pages\/2952\/revisions\/2976"}],"wp:attachment":[{"href":"https:\/\/www.astoria-andalo.com\/it\/wp-json\/wp\/v2\/media?parent=2952"}],"curies":[{"name":"wp","href":"https:\/\/api.w.org\/{rel}","templated":true}]}}