{"id":55,"date":"2021-11-11T11:37:23","date_gmt":"2021-11-11T10:37:23","guid":{"rendered":"https:\/\/www.astoria-andalo.com\/?page_id=55"},"modified":"2024-01-22T17:31:34","modified_gmt":"2024-01-22T16:31:34","slug":"family-hotel-trentino","status":"publish","type":"page","link":"https:\/\/www.astoria-andalo.com\/it\/family-hotel-trentino\/","title":{"rendered":"Panoramica family"},"content":{"rendered":"\n<p>Soggiornando nel nostro&nbsp;<strong>family hotel Trentino<\/strong>, la&nbsp;<strong>vacanza<\/strong>&nbsp;<strong>con bambini&nbsp;<\/strong>in&nbsp;<strong>estate<\/strong>&nbsp;e in<strong>&nbsp;inverno&nbsp;<\/strong>\u00e8 ancora pi\u00f9 facile. S\u00ec, perch\u00e9 mentre i bambini si divertono, i grandi possono rilassarsi e godersi la vacanza.<br>Ecco che cos\u2019\u00e8 un vero&nbsp;<strong>hotel per famiglie in Trentino<\/strong>: un posto dove i piccoli si divertono, e i loro genitori pure!<br>Durante la vostra vacanza all\u2019Astoria, i<strong>&nbsp;bambini hanno cos\u00ec tante possibilit\u00e0 di giochi e divertimento<\/strong>&nbsp;che gli&nbsp;<strong>adulti possono godersi il meritato relax<\/strong>&nbsp;senza preoccupazioni. Qualche esempio?<\/p>\n","protected":false},"excerpt":{"rendered":"<p>Soggiornando nel nostro&nbsp;family hotel Trentino, la&nbsp;vacanza&nbsp;con bambini&nbsp;in&nbsp;estate&nbsp;e in&nbsp;inverno&nbsp;\u00e8 ancora pi\u00f9 facile. S\u00ec, perch\u00e9 mentre i bambini si divertono, i grandi possono rilassarsi e godersi la vacanza.Ecco che cos\u2019\u00e8 un vero&nbsp;hotel per famiglie in Trentino: un posto dove i piccoli si divertono, e i loro genitori pure!Durante la vostra vacanza all\u2019Astoria, i&nbsp;bambini hanno cos\u00ec tante possibilit\u00e0 &hellip;<\/p>\n","protected":false},"author":1,"featured_media":0,"parent":0,"menu_order":0,"comment_status":"closed","ping_status":"closed","template":"page-templates\/pagina_standard.php","meta":{"_acf_changed":false,"inline_featured_image":false,"footnotes":""},"class_list":["post-55","page","type-page","status-publish","hentry"],"acf":[],"yoast_head":"<!-- This site is optimized with the Yoast SEO plugin v27.0 - https:\/\/yoast.com\/product\/yoast-seo-wordpress\/ -->\n<title>Family hotel Trentino: Astoria, hotel per tutta la famiglia<\/title>\n<meta name=\"description\" content=\"Il Family Hotel Trentino per bambini e adulti! Scopri la vacanza a misura di famiglia ad Andalo: 3 piscine, miniclub, gite organizzate, centro wellness.\" \/>\n<meta name=\"robots\" content=\"index, follow, max-snippet:-1, max-image-preview:large, max-video-preview:-1\" \/>\n<link rel=\"canonical\" href=\"https:\/\/www.astoria-andalo.com\/it\/family-hotel-trentino\/\" \/>\n<meta property=\"og:locale\" content=\"it_IT\" \/>\n<meta property=\"og:type\" content=\"article\" \/>\n<meta property=\"og:title\" content=\"Family hotel Trentino: Astoria, hotel per tutta la famiglia\" \/>\n<meta property=\"og:description\" content=\"Il Family Hotel Trentino per bambini e adulti! Scopri la vacanza a misura di famiglia ad Andalo: 3 piscine, miniclub, gite organizzate, centro wellness.\" \/>\n<meta property=\"og:url\" content=\"https:\/\/www.astoria-andalo.com\/it\/family-hotel-trentino\/\" \/>\n<meta property=\"og:site_name\" content=\"Hotel Astoria\" \/>\n<meta property=\"article:modified_time\" content=\"2024-01-22T16:31:34+00:00\" \/>\n<meta name=\"twitter:card\" content=\"summary_large_image\" \/>\n<meta name=\"twitter:label1\" content=\"Tempo di lettura stimato\" \/>\n\t<meta name=\"twitter:data1\" content=\"1 minuto\" \/>\n<script type=\"application\/ld+json\" class=\"yoast-schema-graph\">{\"@context\":\"https:\/\/schema.org\",\"@graph\":[{\"@type\":\"WebPage\",\"@id\":\"https:\/\/www.astoria-andalo.com\/it\/family-hotel-trentino\/\",\"url\":\"https:\/\/www.astoria-andalo.com\/it\/family-hotel-trentino\/\",\"name\":\"Family hotel Trentino: Astoria, hotel per tutta la famiglia\",\"isPartOf\":{\"@id\":\"https:\/\/www.astoria-andalo.com\/it\/#website\"},\"datePublished\":\"2021-11-11T10:37:23+00:00\",\"dateModified\":\"2024-01-22T16:31:34+00:00\",\"description\":\"Il Family Hotel Trentino per bambini e adulti! Scopri la vacanza a misura di famiglia ad Andalo: 3 piscine, miniclub, gite organizzate, centro wellness.\",\"breadcrumb\":{\"@id\":\"https:\/\/www.astoria-andalo.com\/it\/family-hotel-trentino\/#breadcrumb\"},\"inLanguage\":\"it-IT\",\"potentialAction\":[{\"@type\":\"ReadAction\",\"target\":[\"https:\/\/www.astoria-andalo.com\/it\/family-hotel-trentino\/\"]}]},{\"@type\":\"BreadcrumbList\",\"@id\":\"https:\/\/www.astoria-andalo.com\/it\/family-hotel-trentino\/#breadcrumb\",\"itemListElement\":[{\"@type\":\"ListItem\",\"position\":1,\"name\":\"Home\",\"item\":\"https:\/\/www.astoria-andalo.com\/it\/\"},{\"@type\":\"ListItem\",\"position\":2,\"name\":\"Panoramica family\"}]},{\"@type\":\"WebSite\",\"@id\":\"https:\/\/www.astoria-andalo.com\/it\/#website\",\"url\":\"https:\/\/www.astoria-andalo.com\/it\/\",\"name\":\"Hotel Astoria\",\"description\":\"\",\"publisher\":{\"@id\":\"https:\/\/www.astoria-andalo.com\/it\/#organization\"},\"potentialAction\":[{\"@type\":\"SearchAction\",\"target\":{\"@type\":\"EntryPoint\",\"urlTemplate\":\"https:\/\/www.astoria-andalo.com\/it\/?s={search_term_string}\"},\"query-input\":{\"@type\":\"PropertyValueSpecification\",\"valueRequired\":true,\"valueName\":\"search_term_string\"}}],\"inLanguage\":\"it-IT\"},{\"@type\":\"Organization\",\"@id\":\"https:\/\/www.astoria-andalo.com\/it\/#organization\",\"name\":\"Hotel Astoria\",\"url\":\"https:\/\/www.astoria-andalo.com\/it\/\",\"logo\":{\"@type\":\"ImageObject\",\"inLanguage\":\"it-IT\",\"@id\":\"https:\/\/www.astoria-andalo.com\/it\/#\/schema\/logo\/image\/\",\"url\":\"https:\/\/www.astoria-andalo.com\/wp-content\/uploads\/2022\/02\/logo.svg\",\"contentUrl\":\"https:\/\/www.astoria-andalo.com\/wp-content\/uploads\/2022\/02\/logo.svg\",\"width\":380,\"height\":173,\"caption\":\"Hotel Astoria\"},\"image\":{\"@id\":\"https:\/\/www.astoria-andalo.com\/it\/#\/schema\/logo\/image\/\"}}]}<\/script>\n<!-- \/ Yoast SEO plugin. -->","yoast_head_json":{"title":"Family hotel Trentino: Astoria, hotel per tutta la famiglia","description":"Il Family Hotel Trentino per bambini e adulti! Scopri la vacanza a misura di famiglia ad Andalo: 3 piscine, miniclub, gite organizzate, centro wellness.","robots":{"index":"index","follow":"follow","max-snippet":"max-snippet:-1","max-image-preview":"max-image-preview:large","max-video-preview":"max-video-preview:-1"},"canonical":"https:\/\/www.astoria-andalo.com\/it\/family-hotel-trentino\/","og_locale":"it_IT","og_type":"article","og_title":"Family hotel Trentino: Astoria, hotel per tutta la famiglia","og_description":"Il Family Hotel Trentino per bambini e adulti! Scopri la vacanza a misura di famiglia ad Andalo: 3 piscine, miniclub, gite organizzate, centro wellness.","og_url":"https:\/\/www.astoria-andalo.com\/it\/family-hotel-trentino\/","og_site_name":"Hotel Astoria","article_modified_time":"2024-01-22T16:31:34+00:00","twitter_card":"summary_large_image","twitter_misc":{"Tempo di lettura stimato":"1 minuto"},"schema":{"@context":"https:\/\/schema.org","@graph":[{"@type":"WebPage","@id":"https:\/\/www.astoria-andalo.com\/it\/family-hotel-trentino\/","url":"https:\/\/www.astoria-andalo.com\/it\/family-hotel-trentino\/","name":"Family hotel Trentino: Astoria, hotel per tutta la famiglia","isPartOf":{"@id":"https:\/\/www.astoria-andalo.com\/it\/#website"},"datePublished":"2021-11-11T10:37:23+00:00","dateModified":"2024-01-22T16:31:34+00:00","description":"Il Family Hotel Trentino per bambini e adulti! Scopri la vacanza a misura di famiglia ad Andalo: 3 piscine, miniclub, gite organizzate, centro wellness.","breadcrumb":{"@id":"https:\/\/www.astoria-andalo.com\/it\/family-hotel-trentino\/#breadcrumb"},"inLanguage":"it-IT","potentialAction":[{"@type":"ReadAction","target":["https:\/\/www.astoria-andalo.com\/it\/family-hotel-trentino\/"]}]},{"@type":"BreadcrumbList","@id":"https:\/\/www.astoria-andalo.com\/it\/family-hotel-trentino\/#breadcrumb","itemListElement":[{"@type":"ListItem","position":1,"name":"Home","item":"https:\/\/www.astoria-andalo.com\/it\/"},{"@type":"ListItem","position":2,"name":"Panoramica family"}]},{"@type":"WebSite","@id":"https:\/\/www.astoria-andalo.com\/it\/#website","url":"https:\/\/www.astoria-andalo.com\/it\/","name":"Hotel Astoria","description":"","publisher":{"@id":"https:\/\/www.astoria-andalo.com\/it\/#organization"},"potentialAction":[{"@type":"SearchAction","target":{"@type":"EntryPoint","urlTemplate":"https:\/\/www.astoria-andalo.com\/it\/?s={search_term_string}"},"query-input":{"@type":"PropertyValueSpecification","valueRequired":true,"valueName":"search_term_string"}}],"inLanguage":"it-IT"},{"@type":"Organization","@id":"https:\/\/www.astoria-andalo.com\/it\/#organization","name":"Hotel Astoria","url":"https:\/\/www.astoria-andalo.com\/it\/","logo":{"@type":"ImageObject","inLanguage":"it-IT","@id":"https:\/\/www.astoria-andalo.com\/it\/#\/schema\/logo\/image\/","url":"https:\/\/www.astoria-andalo.com\/wp-content\/uploads\/2022\/02\/logo.svg","contentUrl":"https:\/\/www.astoria-andalo.com\/wp-content\/uploads\/2022\/02\/logo.svg","width":380,"height":173,"caption":"Hotel Astoria"},"image":{"@id":"https:\/\/www.astoria-andalo.com\/it\/#\/schema\/logo\/image\/"}}]}},"_links":{"self":[{"href":"https:\/\/www.astoria-andalo.com\/it\/wp-json\/wp\/v2\/pages\/55","targetHints":{"allow":["GET"]}}],"collection":[{"href":"https:\/\/www.astoria-andalo.com\/it\/wp-json\/wp\/v2\/pages"}],"about":[{"href":"https:\/\/www.astoria-andalo.com\/it\/wp-json\/wp\/v2\/types\/page"}],"author":[{"embeddable":true,"href":"https:\/\/www.astoria-andalo.com\/it\/wp-json\/wp\/v2\/users\/1"}],"replies":[{"embeddable":true,"href":"https:\/\/www.astoria-andalo.com\/it\/wp-json\/wp\/v2\/comments?post=55"}],"version-history":[{"count":24,"href":"https:\/\/www.astoria-andalo.com\/it\/wp-json\/wp\/v2\/pages\/55\/revisions"}],"predecessor-version":[{"id":2627,"href":"https:\/\/www.astoria-andalo.com\/it\/wp-json\/wp\/v2\/pages\/55\/revisions\/2627"}],"wp:attachment":[{"href":"https:\/\/www.astoria-andalo.com\/it\/wp-json\/wp\/v2\/media?parent=55"}],"curies":[{"name":"wp","href":"https:\/\/api.w.org\/{rel}","templated":true}]}}