{"id":59,"date":"2021-11-11T11:41:00","date_gmt":"2021-11-11T10:41:00","guid":{"rendered":"https:\/\/www.astoria-andalo.com\/?page_id=59"},"modified":"2025-01-15T15:52:08","modified_gmt":"2025-01-15T14:52:08","slug":"hotel-andalo-per-famiglie","status":"publish","type":"page","link":"https:\/\/www.astoria-andalo.com\/it\/family-hotel-trentino\/hotel-andalo-per-famiglie\/","title":{"rendered":"Animazione"},"content":{"rendered":"\n<p>Sapete qual \u00e8 il segreto della felicit\u00e0 qui all\u2019<strong>Hotel Astoria<\/strong>? Organizziamo ogni spazio e attivit\u00e0 guardando il <strong>divertimento attraverso gli occhi dei bambini<\/strong>! Cos\u00ec abbiamo creato per loro un mondo su misura di colori sgargianti, musiche frizzanti, sapori genuini, giochi fantasiosi ed esperienze da ricordare per sempre!<\/p>\n","protected":false},"excerpt":{"rendered":"<p>Sapete qual \u00e8 il segreto della felicit\u00e0 qui all\u2019Hotel Astoria? Organizziamo ogni spazio e attivit\u00e0 guardando il divertimento attraverso gli occhi dei bambini! Cos\u00ec abbiamo creato per loro un mondo su misura di colori sgargianti, musiche frizzanti, sapori genuini, giochi fantasiosi ed esperienze da ricordare per sempre!<\/p>\n","protected":false},"author":1,"featured_media":0,"parent":55,"menu_order":0,"comment_status":"closed","ping_status":"closed","template":"page-templates\/pagina_standard.php","meta":{"_acf_changed":false,"inline_featured_image":false,"footnotes":""},"class_list":["post-59","page","type-page","status-publish","hentry"],"acf":[],"yoast_head":"<!-- This site is optimized with the Yoast SEO plugin v27.0 - https:\/\/yoast.com\/product\/yoast-seo-wordpress\/ -->\n<title>Hotel Andalo per famiglie e bambini: le nostre attivit\u00e0<\/title>\n<meta name=\"description\" content=\"Scopri come sar\u00e0 la tua vacanza con bambini nel nostro hotel per famiglie di Andalo! Estate e inverno, attivit\u00e0 per tutti!\" \/>\n<meta name=\"robots\" content=\"index, follow, max-snippet:-1, max-image-preview:large, max-video-preview:-1\" \/>\n<link rel=\"canonical\" href=\"https:\/\/www.astoria-andalo.com\/it\/family-hotel-trentino\/hotel-andalo-per-famiglie\/\" \/>\n<meta property=\"og:locale\" content=\"it_IT\" \/>\n<meta property=\"og:type\" content=\"article\" \/>\n<meta property=\"og:title\" content=\"Hotel Andalo per famiglie e bambini: le nostre attivit\u00e0\" \/>\n<meta property=\"og:description\" content=\"Scopri come sar\u00e0 la tua vacanza con bambini nel nostro hotel per famiglie di Andalo! Estate e inverno, attivit\u00e0 per tutti!\" \/>\n<meta property=\"og:url\" content=\"https:\/\/www.astoria-andalo.com\/it\/family-hotel-trentino\/hotel-andalo-per-famiglie\/\" \/>\n<meta property=\"og:site_name\" content=\"Hotel Astoria\" \/>\n<meta property=\"article:modified_time\" content=\"2025-01-15T14:52:08+00:00\" \/>\n<meta name=\"twitter:card\" content=\"summary_large_image\" \/>\n<meta name=\"twitter:label1\" content=\"Tempo di lettura stimato\" \/>\n\t<meta name=\"twitter:data1\" content=\"1 minuto\" \/>\n<script type=\"application\/ld+json\" class=\"yoast-schema-graph\">{\"@context\":\"https:\/\/schema.org\",\"@graph\":[{\"@type\":\"WebPage\",\"@id\":\"https:\/\/www.astoria-andalo.com\/it\/family-hotel-trentino\/hotel-andalo-per-famiglie\/\",\"url\":\"https:\/\/www.astoria-andalo.com\/it\/family-hotel-trentino\/hotel-andalo-per-famiglie\/\",\"name\":\"Hotel Andalo per famiglie e bambini: le nostre attivit\u00e0\",\"isPartOf\":{\"@id\":\"https:\/\/www.astoria-andalo.com\/it\/#website\"},\"datePublished\":\"2021-11-11T10:41:00+00:00\",\"dateModified\":\"2025-01-15T14:52:08+00:00\",\"description\":\"Scopri come sar\u00e0 la tua vacanza con bambini nel nostro hotel per famiglie di Andalo! Estate e inverno, attivit\u00e0 per tutti!\",\"breadcrumb\":{\"@id\":\"https:\/\/www.astoria-andalo.com\/it\/family-hotel-trentino\/hotel-andalo-per-famiglie\/#breadcrumb\"},\"inLanguage\":\"it-IT\",\"potentialAction\":[{\"@type\":\"ReadAction\",\"target\":[\"https:\/\/www.astoria-andalo.com\/it\/family-hotel-trentino\/hotel-andalo-per-famiglie\/\"]}]},{\"@type\":\"BreadcrumbList\",\"@id\":\"https:\/\/www.astoria-andalo.com\/it\/family-hotel-trentino\/hotel-andalo-per-famiglie\/#breadcrumb\",\"itemListElement\":[{\"@type\":\"ListItem\",\"position\":1,\"name\":\"Home\",\"item\":\"https:\/\/www.astoria-andalo.com\/it\/\"},{\"@type\":\"ListItem\",\"position\":2,\"name\":\"Panoramica family\",\"item\":\"https:\/\/www.astoria-andalo.com\/it\/family-hotel-trentino\/\"},{\"@type\":\"ListItem\",\"position\":3,\"name\":\"Animazione\"}]},{\"@type\":\"WebSite\",\"@id\":\"https:\/\/www.astoria-andalo.com\/it\/#website\",\"url\":\"https:\/\/www.astoria-andalo.com\/it\/\",\"name\":\"Hotel Astoria\",\"description\":\"\",\"publisher\":{\"@id\":\"https:\/\/www.astoria-andalo.com\/it\/#organization\"},\"potentialAction\":[{\"@type\":\"SearchAction\",\"target\":{\"@type\":\"EntryPoint\",\"urlTemplate\":\"https:\/\/www.astoria-andalo.com\/it\/?s={search_term_string}\"},\"query-input\":{\"@type\":\"PropertyValueSpecification\",\"valueRequired\":true,\"valueName\":\"search_term_string\"}}],\"inLanguage\":\"it-IT\"},{\"@type\":\"Organization\",\"@id\":\"https:\/\/www.astoria-andalo.com\/it\/#organization\",\"name\":\"Hotel Astoria\",\"url\":\"https:\/\/www.astoria-andalo.com\/it\/\",\"logo\":{\"@type\":\"ImageObject\",\"inLanguage\":\"it-IT\",\"@id\":\"https:\/\/www.astoria-andalo.com\/it\/#\/schema\/logo\/image\/\",\"url\":\"https:\/\/www.astoria-andalo.com\/wp-content\/uploads\/2022\/02\/logo.svg\",\"contentUrl\":\"https:\/\/www.astoria-andalo.com\/wp-content\/uploads\/2022\/02\/logo.svg\",\"width\":380,\"height\":173,\"caption\":\"Hotel Astoria\"},\"image\":{\"@id\":\"https:\/\/www.astoria-andalo.com\/it\/#\/schema\/logo\/image\/\"}}]}<\/script>\n<!-- \/ Yoast SEO plugin. -->","yoast_head_json":{"title":"Hotel Andalo per famiglie e bambini: le nostre attivit\u00e0","description":"Scopri come sar\u00e0 la tua vacanza con bambini nel nostro hotel per famiglie di Andalo! Estate e inverno, attivit\u00e0 per tutti!","robots":{"index":"index","follow":"follow","max-snippet":"max-snippet:-1","max-image-preview":"max-image-preview:large","max-video-preview":"max-video-preview:-1"},"canonical":"https:\/\/www.astoria-andalo.com\/it\/family-hotel-trentino\/hotel-andalo-per-famiglie\/","og_locale":"it_IT","og_type":"article","og_title":"Hotel Andalo per famiglie e bambini: le nostre attivit\u00e0","og_description":"Scopri come sar\u00e0 la tua vacanza con bambini nel nostro hotel per famiglie di Andalo! Estate e inverno, attivit\u00e0 per tutti!","og_url":"https:\/\/www.astoria-andalo.com\/it\/family-hotel-trentino\/hotel-andalo-per-famiglie\/","og_site_name":"Hotel Astoria","article_modified_time":"2025-01-15T14:52:08+00:00","twitter_card":"summary_large_image","twitter_misc":{"Tempo di lettura stimato":"1 minuto"},"schema":{"@context":"https:\/\/schema.org","@graph":[{"@type":"WebPage","@id":"https:\/\/www.astoria-andalo.com\/it\/family-hotel-trentino\/hotel-andalo-per-famiglie\/","url":"https:\/\/www.astoria-andalo.com\/it\/family-hotel-trentino\/hotel-andalo-per-famiglie\/","name":"Hotel Andalo per famiglie e bambini: le nostre attivit\u00e0","isPartOf":{"@id":"https:\/\/www.astoria-andalo.com\/it\/#website"},"datePublished":"2021-11-11T10:41:00+00:00","dateModified":"2025-01-15T14:52:08+00:00","description":"Scopri come sar\u00e0 la tua vacanza con bambini nel nostro hotel per famiglie di Andalo! Estate e inverno, attivit\u00e0 per tutti!","breadcrumb":{"@id":"https:\/\/www.astoria-andalo.com\/it\/family-hotel-trentino\/hotel-andalo-per-famiglie\/#breadcrumb"},"inLanguage":"it-IT","potentialAction":[{"@type":"ReadAction","target":["https:\/\/www.astoria-andalo.com\/it\/family-hotel-trentino\/hotel-andalo-per-famiglie\/"]}]},{"@type":"BreadcrumbList","@id":"https:\/\/www.astoria-andalo.com\/it\/family-hotel-trentino\/hotel-andalo-per-famiglie\/#breadcrumb","itemListElement":[{"@type":"ListItem","position":1,"name":"Home","item":"https:\/\/www.astoria-andalo.com\/it\/"},{"@type":"ListItem","position":2,"name":"Panoramica family","item":"https:\/\/www.astoria-andalo.com\/it\/family-hotel-trentino\/"},{"@type":"ListItem","position":3,"name":"Animazione"}]},{"@type":"WebSite","@id":"https:\/\/www.astoria-andalo.com\/it\/#website","url":"https:\/\/www.astoria-andalo.com\/it\/","name":"Hotel Astoria","description":"","publisher":{"@id":"https:\/\/www.astoria-andalo.com\/it\/#organization"},"potentialAction":[{"@type":"SearchAction","target":{"@type":"EntryPoint","urlTemplate":"https:\/\/www.astoria-andalo.com\/it\/?s={search_term_string}"},"query-input":{"@type":"PropertyValueSpecification","valueRequired":true,"valueName":"search_term_string"}}],"inLanguage":"it-IT"},{"@type":"Organization","@id":"https:\/\/www.astoria-andalo.com\/it\/#organization","name":"Hotel Astoria","url":"https:\/\/www.astoria-andalo.com\/it\/","logo":{"@type":"ImageObject","inLanguage":"it-IT","@id":"https:\/\/www.astoria-andalo.com\/it\/#\/schema\/logo\/image\/","url":"https:\/\/www.astoria-andalo.com\/wp-content\/uploads\/2022\/02\/logo.svg","contentUrl":"https:\/\/www.astoria-andalo.com\/wp-content\/uploads\/2022\/02\/logo.svg","width":380,"height":173,"caption":"Hotel Astoria"},"image":{"@id":"https:\/\/www.astoria-andalo.com\/it\/#\/schema\/logo\/image\/"}}]}},"_links":{"self":[{"href":"https:\/\/www.astoria-andalo.com\/it\/wp-json\/wp\/v2\/pages\/59","targetHints":{"allow":["GET"]}}],"collection":[{"href":"https:\/\/www.astoria-andalo.com\/it\/wp-json\/wp\/v2\/pages"}],"about":[{"href":"https:\/\/www.astoria-andalo.com\/it\/wp-json\/wp\/v2\/types\/page"}],"author":[{"embeddable":true,"href":"https:\/\/www.astoria-andalo.com\/it\/wp-json\/wp\/v2\/users\/1"}],"replies":[{"embeddable":true,"href":"https:\/\/www.astoria-andalo.com\/it\/wp-json\/wp\/v2\/comments?post=59"}],"version-history":[{"count":15,"href":"https:\/\/www.astoria-andalo.com\/it\/wp-json\/wp\/v2\/pages\/59\/revisions"}],"predecessor-version":[{"id":2749,"href":"https:\/\/www.astoria-andalo.com\/it\/wp-json\/wp\/v2\/pages\/59\/revisions\/2749"}],"up":[{"embeddable":true,"href":"https:\/\/www.astoria-andalo.com\/it\/wp-json\/wp\/v2\/pages\/55"}],"wp:attachment":[{"href":"https:\/\/www.astoria-andalo.com\/it\/wp-json\/wp\/v2\/media?parent=59"}],"curies":[{"name":"wp","href":"https:\/\/api.w.org\/{rel}","templated":true}]}}